{"id":36,"date":"2022-12-19T02:31:56","date_gmt":"2022-12-19T02:31:56","guid":{"rendered":"https:\/\/gaviaspreview.com\/wp\/boliin\/?page_id=36"},"modified":"2022-12-19T02:31:56","modified_gmt":"2022-12-19T02:31:56","slug":"rooms-sidebar-filter","status":"publish","type":"page","link":"https:\/\/superumrah.com\/?page_id=36","title":{"rendered":"Rooms &#8211; Sidebar Filter"},"content":{"rendered":"\t\t<div data-elementor-type=\"wp-page\" data-elementor-id=\"36\" class=\"elementor elementor-36\">\n\t\t\t\t\t\t<div class=\"elementor-inner\">\n\t\t\t\t<div class=\"elementor-section-wrap\">\n\t\t\t\t\t\t\t\t\t<section class=\"elementor-section elementor-top-section elementor-element elementor-element-1df7ba4 elementor-section-boxed elementor-section-height-default elementor-section-height-default\" data-id=\"1df7ba4\" data-element_type=\"section\" data-settings=\"{&quot;background_background&quot;:&quot;slideshow&quot;,&quot;background_slideshow_gallery&quot;:[{&quot;id&quot;:177,&quot;url&quot;:&quot;https:\\\/\\\/gaviaspreview.com\\\/wp\\\/boliin\\\/wp-content\\\/uploads\\\/2023\\\/01\\\/breadcrumb-01.jpg&quot;},{&quot;id&quot;:178,&quot;url&quot;:&quot;https:\\\/\\\/gaviaspreview.com\\\/wp\\\/boliin\\\/wp-content\\\/uploads\\\/2023\\\/01\\\/breadcrumb-02.jpg&quot;}],&quot;background_slideshow_ken_burns&quot;:&quot;yes&quot;,&quot;background_slideshow_loop&quot;:&quot;yes&quot;,&quot;background_slideshow_slide_duration&quot;:5000,&quot;background_slideshow_slide_transition&quot;:&quot;fade&quot;,&quot;background_slideshow_transition_duration&quot;:500,&quot;background_slideshow_ken_burns_zoom_direction&quot;:&quot;in&quot;}\">\n\t\t\t\t\t\t<div class=\"elementor-container elementor-column-gap-default\">\n\t\t\t\t\t\t\t<div class=\"elementor-row\">\n\t\t\t\t\t<div class=\"elementor-column elementor-col-100 elementor-top-column elementor-element elementor-element-63e4501\" data-id=\"63e4501\" data-element_type=\"column\">\n\t\t\t<div class=\"elementor-column-wrap elementor-element-populated\">\n\t\t\t\t\t\t\t<div class=\"elementor-widget-wrap\">\n\t\t\t\t\t\t<div class=\"elementor-element elementor-element-c92ed76 elementor-widget elementor-widget-gva-heading-block\" data-id=\"c92ed76\" data-element_type=\"widget\" data-widget_type=\"gva-heading-block.default\">\n\t\t\t\t<div class=\"elementor-widget-container\">\n\t\t\t<div class=\"gva-element-gva-heading-block gva-element\">   <div class=\"align-center style-1 widget gsc-heading box-align-left auto-responsive\">\r\n      <div class=\"content-inner\">\r\n         \r\n                  \r\n           \r\n         \r\n                     <h2 class=\"title\">\r\n               <span>Explore The Worlds<\/span>\r\n            <\/h2>\r\n                  \r\n                     <div class=\"title-desc\">People Don\u2019t Take, Trips Take People<\/div>\r\n         \r\n         \r\n      <\/div>\r\n   <\/div>\r\n<\/div>\t\t<\/div>\n\t\t\t\t<\/div>\n\t\t\t\t\t\t<\/div>\n\t\t\t\t\t<\/div>\n\t\t<\/div>\n\t\t\t\t\t\t\t\t<\/div>\n\t\t\t\t\t<\/div>\n\t\t<\/section>\n\t\t\t\t<section class=\"elementor-section elementor-top-section elementor-element elementor-element-397feec elementor-section-boxed elementor-section-height-default elementor-section-height-default\" data-id=\"397feec\" data-element_type=\"section\" data-settings=\"{&quot;background_background&quot;:&quot;classic&quot;}\">\n\t\t\t\t\t\t<div class=\"elementor-container elementor-column-gap-default\">\n\t\t\t\t\t\t\t<div class=\"elementor-row\">\n\t\t\t\t\t<div class=\"elementor-column elementor-col-100 elementor-top-column elementor-element elementor-element-6809847\" data-id=\"6809847\" data-element_type=\"column\">\n\t\t\t<div class=\"elementor-column-wrap elementor-element-populated\">\n\t\t\t\t\t\t\t<div class=\"elementor-widget-wrap\">\n\t\t\t\t\t\t<div class=\"elementor-element elementor-element-a2bfa98 elementor-widget elementor-widget-gva_icon_box_group\" data-id=\"a2bfa98\" data-element_type=\"widget\" data-widget_type=\"gva_icon_box_group.default\">\n\t\t\t\t<div class=\"elementor-widget-container\">\n\t\t\t<div class=\"gva-element-gva_icon_box_group gva-element\">\r\n<div class=\"gsc-icon-box-group layout-carousel swiper-slider-wrapper \">\r\n   <div class=\"swiper-content-inner\">\r\n      <div class=\"init-carousel-swiper swiper\" data-carousel=\"{&quot;items&quot;:4,&quot;items_lg&quot;:4,&quot;items_md&quot;:4,&quot;items_sm&quot;:3,&quot;items_xs&quot;:2,&quot;items_xx&quot;:1,&quot;effect&quot;:&quot;slide&quot;,&quot;space_between&quot;:30,&quot;loop&quot;:1,&quot;speed&quot;:1200,&quot;autoplay&quot;:1,&quot;autoplay_delay&quot;:5000,&quot;autoplay_hover&quot;:1,&quot;navigation&quot;:1,&quot;pagination&quot;:0,&quot;dynamic_bullets&quot;:0,&quot;pagination_type&quot;:&quot;bullets&quot;}\">\r\n         <div class=\"swiper-wrapper\">\r\n            <div class=\"swiper-slide\">\r\n<div class=\"icon-box-item elementor-repeater-item-a930258\">\r\n\t\t<div class=\"iconbox-one__single\"><div class=\"iconbox-one__wrap\"><div class=\"iconbox-one__icon\"><i aria-hidden=\"true\" class=\" bicon-parking-1\"><\/i><\/div><h3 class=\"iconbox-one__title\">Free Parking<\/h3><div class=\"iconbox-one__desc\">Sed quia magni doles eos qui ration volupta tem sequ.<\/div><\/div>\t\t\t\t\t\t\t\t            <div class=\"iconbox-one__action\">\r\n\t\t\t               <a class=\"btn-readmore\" href=\"https:\/\/gaviaspreview.com\/wp\/boliin\/rooms-page\/\">\r\n\t\t\t               \t\tRead More\t\t\t\t                <i class=\"bicon-right-arrow-2\"><\/i>\r\n\t\t\t\t            <\/a>\r\n\t\t\t            <\/div>\r\n\t\t\t         \t\t\t\t\t\r\n\r\n\t\t\t\t\t\t\t  <a href=\"https:\/\/gaviaspreview.com\/wp\/boliin\/rooms-page\/\" class=\"iconbox-one__link-overlay\">\r\n\t\t\t \t\t  <\/a>\r\n\t\t  <\/div>\r\n\t\t<\/div><\/div><div class=\"swiper-slide\">\r\n<div class=\"icon-box-item elementor-repeater-item-9faf158\">\r\n\t\t<div class=\"iconbox-one__single\"><div class=\"iconbox-one__wrap\"><div class=\"iconbox-one__icon\"><i aria-hidden=\"true\" class=\" bicon-wifi-router\"><\/i><\/div><h3 class=\"iconbox-one__title\">Wifi Internet<\/h3><div class=\"iconbox-one__desc\">Sed quia magni doles eos qui ration volupta tem sequ.<\/div><\/div>\t\t\t\t\t\t\t\t            <div class=\"iconbox-one__action\">\r\n\t\t\t               <a class=\"btn-readmore\" href=\"https:\/\/gaviaspreview.com\/wp\/boliin\/rooms-page\/\">\r\n\t\t\t               \t\tRead More\t\t\t\t                <i class=\"bicon-right-arrow-2\"><\/i>\r\n\t\t\t\t            <\/a>\r\n\t\t\t            <\/div>\r\n\t\t\t         \t\t\t\t\t\r\n\r\n\t\t\t\t\t\t\t  <a href=\"https:\/\/gaviaspreview.com\/wp\/boliin\/rooms-page\/\" class=\"iconbox-one__link-overlay\">\r\n\t\t\t \t\t  <\/a>\r\n\t\t  <\/div>\r\n\t\t<\/div><\/div><div class=\"swiper-slide\">\r\n<div class=\"icon-box-item elementor-repeater-item-9893eb1\">\r\n\t\t<div class=\"iconbox-one__single\"><div class=\"iconbox-one__wrap\"><div class=\"iconbox-one__icon\"><i aria-hidden=\"true\" class=\" bicon-breakfast\"><\/i><\/div><h3 class=\"iconbox-one__title\">Daily Breakfast<\/h3><div class=\"iconbox-one__desc\">Sed quia magni doles eos qui ration volupta tem sequ.<\/div><\/div>\t\t\t\t\t\t\t\t            <div class=\"iconbox-one__action\">\r\n\t\t\t               <a class=\"btn-readmore\" href=\"https:\/\/gaviaspreview.com\/wp\/boliin\/rooms-page\/\">\r\n\t\t\t               \t\tRead More\t\t\t\t                <i class=\"bicon-right-arrow-2\"><\/i>\r\n\t\t\t\t            <\/a>\r\n\t\t\t            <\/div>\r\n\t\t\t         \t\t\t\t\t\r\n\r\n\t\t\t\t\t\t\t  <a href=\"https:\/\/gaviaspreview.com\/wp\/boliin\/rooms-page\/\" class=\"iconbox-one__link-overlay\">\r\n\t\t\t \t\t  <\/a>\r\n\t\t  <\/div>\r\n\t\t<\/div><\/div><div class=\"swiper-slide\">\r\n<div class=\"icon-box-item elementor-repeater-item-13d9e63\">\r\n\t\t<div class=\"iconbox-one__single\"><div class=\"iconbox-one__wrap\"><div class=\"iconbox-one__icon\"><i aria-hidden=\"true\" class=\" bicon-customer-support\"><\/i><\/div><h3 class=\"iconbox-one__title\">24\/7 Support<\/h3><div class=\"iconbox-one__desc\">Sed quia magni doles eos qui ration volupta tem sequ.<\/div><\/div>\t\t\t\t\t\t\t\t            <div class=\"iconbox-one__action\">\r\n\t\t\t               <a class=\"btn-readmore\" href=\"https:\/\/gaviaspreview.com\/wp\/boliin\/rooms-page\/\">\r\n\t\t\t               \t\tRead More\t\t\t\t                <i class=\"bicon-right-arrow-2\"><\/i>\r\n\t\t\t\t            <\/a>\r\n\t\t\t            <\/div>\r\n\t\t\t         \t\t\t\t\t\r\n\r\n\t\t\t\t\t\t\t  <a href=\"https:\/\/gaviaspreview.com\/wp\/boliin\/rooms-page\/\" class=\"iconbox-one__link-overlay\">\r\n\t\t\t \t\t  <\/a>\r\n\t\t  <\/div>\r\n\t\t<\/div><\/div>         <\/div>\r\n      <\/div>\r\n   <\/div>   \r\n   <div class=\"swiper-pagination\"><\/div>   <div class=\"swiper-nav-next\"><\/div><div class=\"swiper-nav-prev\"><\/div><\/div>\r\n<\/div>\t\t<\/div>\n\t\t\t\t<\/div>\n\t\t\t\t\t\t<\/div>\n\t\t\t\t\t<\/div>\n\t\t<\/div>\n\t\t\t\t\t\t\t\t<\/div>\n\t\t\t\t\t<\/div>\n\t\t<\/section>\n\t\t\t\t<section class=\"elementor-section elementor-top-section elementor-element elementor-element-d4db8cf elementor-section-boxed elementor-section-height-default elementor-section-height-default\" data-id=\"d4db8cf\" data-element_type=\"section\">\n\t\t\t\t\t\t<div class=\"elementor-container elementor-column-gap-default\">\n\t\t\t\t\t\t\t<div class=\"elementor-row\">\n\t\t\t\t\t<div class=\"elementor-column elementor-col-33 elementor-top-column elementor-element elementor-element-3fce37c\" data-id=\"3fce37c\" data-element_type=\"column\">\n\t\t\t<div class=\"elementor-column-wrap elementor-element-populated\">\n\t\t\t\t\t\t\t<div class=\"elementor-widget-wrap\">\n\t\t\t\t\t\t<div class=\"elementor-element elementor-element-e794137 elementor-widget elementor-widget-gva_ba_search_form\" data-id=\"e794137\" data-element_type=\"widget\" data-widget_type=\"gva_ba_search_form.default\">\n\t\t\t\t<div class=\"elementor-widget-container\">\n\t\t\t<div class=\"gva-element-gva_ba_search_form gva-element\"><div class=\"boliin-search-form-wrap\" style=\"opacity: 0;filter: alpha(opacity=0);\"><div id=\"search-box\" class=\"babe-search-box boliin-search-form layout-2 hidden-tab-yes\">\t\t\t\t\t\t\n\t\t\t\t\n                <div id=\"search_form_tabs\"><span class=\"search_form_tab is-active\" data-tab-slug=\"rooms\" data-tab-categories=\"21\">Rooms<\/span><\/div>\n                <form name=\"search_form\" action=\"\" method=\"get\" id=\"search_form\" class=\"babe-search-form \">\n\t\t\t<div class=\"input-group\">\n\t\t\t\t\t<div class=\"add_input_field is-active \" data-inputfield=\"1\" data-active-rooms=\"1\" data-title-rooms=\"Locations\" data-tax=\"ba_location\" >\n                    <div class=\"add_ids_title\">\n                        <div class=\"add_ids_title_value\">Locations<\/div><i class=\"fas fa-chevron-down\"><\/i>\n                        <ul id=\"add_ids_list_ba_location\" class=\"add_ids_list\" data-parent=\"0\">\n        <li class=\"term_item term_item_all\" data-id=\"0\">Locations<\/li><li class=\"term_item term_item_level_0\" data-id=\"22\">Adenya Hotel Resort &amp; Spa<\/li><li class=\"term_item term_item_level_0\" data-id=\"23\">Adin Beach Hotel<\/li><li class=\"term_item term_item_level_0\" data-id=\"24\">Wome Deluxe<\/li>\n        <\/ul>\n                        <input type=\"hidden\" class=\"input_select_input_value\" name=\"add_ids_ba_location\" value=\"0\">\n                      <\/div>  \t\n\t\t\t\t\t<\/div>\n\t\t\t\t\n                    <div class=\"search-date search_date_wrapper_date_from is-active\" data-inputfield=\"1\" data-active-rooms=\"1\" data-title-rooms=\"Giri\u015f Tarihi\">\n                        <i class=\"bicon-calendar-1\"><\/i><input type=\"text\" class=\"search_date\" id=\"date_from\" name=\"date_from\" value=\"\" placeholder=\"Giri\u015f Tarihi\">\n\t\t\t\t\t<\/div>\n                    <div class=\"search-date search_date_wrapper_date_to is-active\" data-inputfield=\"1\" data-active-rooms=\"1\" data-title-rooms=\"\u00c7\u0131k\u0131\u015f Tarihi\">\n                        <i class=\"bicon-calendar-1\"><\/i><input type=\"text\" class=\"search_date\" id=\"date_to\" name=\"date_to\" value=\"\" placeholder=\"\u00c7\u0131k\u0131\u015f Tarihi\">\n\t\t\t\t\t<\/div>\n                  <div class=\"search_guests_field is-active\" data-active-rooms=\"1\" data-title-rooms=\"Guests\" >\n\t\t\t\t\t  <div ><div class=\"search_guests_title\">Guests<\/div>&#160;<span class=\"search_guests_title_value\">0<\/span>\n\t\t                  <div class=\"search_guests_select_wrapper close_by_apply_btn\">\n\t\t                      \n                       <div class=\"input_select_field input_select_field_guests is-active\" data-name=\"guests[0]\" data-inputfield=\"1\" data-active-rooms=\"1\" data-title-rooms=\"Guests\">\n                          <span class=\"select_guests_value\">0<\/span>\n                          <span class=\"select_guests_title\">Guests<\/span>\n                          <span class=\"search_guests_plus btn-search-guests-change btn btn-secondary-outlined\" ><i class=\"fas fa-plus\"><\/i><\/span>\n                          <span class=\"search_guests_minus btn-search-guests-change btn btn-secondary-outlined\" ><i class=\"fas fa-minus\"><\/i><\/span>\n                          <input type=\"hidden\" class=\"select_guests_input_value\" name=\"guests[0]\" value=\"0\">\n                       <\/div>\n\t\t                      <div class=\"search_guests_apply\">\n\t\t                         <button class=\"btn button btn-primary search_apply_btn\">Apply<\/button>\n\t\t                      <\/div>\n\t\t                  <\/div>\t\n\t                  <\/div>\n\t\t\t\t  <\/div>\n                  \n                    <div class=\"submit\">\n\t\t\t\t\t  <button name=\"submit\" class=\"btn button btn-primary btn-search\" value=\"1\"><i class=\"fas fa-search\"><\/i> <\/button>\n\t\t\t\t    <\/div>\n\t\t\t\t<\/div>\n                \n                \n                \n                <input type=\"hidden\" name=\"request_search_results\" value=\"1\">\n                <input type=\"hidden\" name=\"search_results_sort_by\" value=\"title_asc\"><input type=\"hidden\" name=\"search_tab\" value=\"rooms\">   \n\t\t<\/form>\n\t\t\t\t\t<\/div><div class=\"data-hidden\" data-hidden-tax=\"[]\"><\/div><div class=\"form-fields-title hidden\"><span class=\"ba_amenities_title\">Amenities<\/span><span class=\"ba_location_title\">Destinations<\/span><span class=\"search_box_title\">Keyword<\/span><span class=\"date_from_title\">Checkin<\/span><span class=\"date_to_title\">Checkout<\/span><\/div><\/div><\/div>\t\t<\/div>\n\t\t\t\t<\/div>\n\t\t\t\t<div class=\"elementor-element elementor-element-17fd866 elementor-widget elementor-widget-gva_ba_list_items\" data-id=\"17fd866\" data-element_type=\"widget\" data-widget_type=\"gva_ba_list_items.default\">\n\t\t\t\t<div class=\"elementor-widget-container\">\n\t\t\t<div class=\"boliin-gva_ba_list_items boliin-element\">\r\n<div class=\"ba-list-items\">\r\n   <h3 class=\"title\">Last Minute<\/h3>   <div class=\"box-content\">\r\n      <div class=\"elementor-post-wrapper\">\r\n         <div class=\"row\" data-elementor-columns=\"3\" data-elementor-columns-tablet=\"1\" data-elementor-columns-mobile=\"1\">\r\n            \r\n<div class=\"booking-block-list-small\">\r\n\t<div class=\"babe-block-content\">\r\n\t\t<div class=\"post-image\">\r\n\t\t\t\t\t\t\t<a class=\"post-link\" href=\"https:\/\/superumrah.com\/?to_book=wome-deluxe-villa&#038;rest_route=%2Fwp%2Fv2%2Fpages%2F36\">\r\n\t\t\t\t\t<img decoding=\"async\" src=\"https:\/\/superumrah.com\/wp-content\/uploads\/2024\/01\/1920villa-500x360.jpg\" alt=\"Wome Deluxe Villa\">\r\n\t\t\t\t<\/a>\r\n\t\t\t   \r\n\t\t<\/div>\r\n\r\n\t\t  <div class=\"booking-content\">\r\n\t\t\t\t<div class=\"content-inner\">\r\n\t\t\t\t\t\t\t\t\t\t<h3 class=\"title\">\r\n\t\t\t\t\t\t<a href=\"https:\/\/superumrah.com\/?to_book=wome-deluxe-villa&#038;rest_route=%2Fwp%2Fv2%2Fpages%2F36\">Wome Deluxe Villa<\/a>\r\n\t\t\t\t\t<\/h3>\r\n\t\t\t\t\t<div class=\"ba-price\">\r\n\t\t\t\t\t\t\t\t\t\t\t<\/div>\r\n\t\t\t\t<\/div>   \r\n\t\t  <\/div>\r\n\r\n\t <\/div>\r\n<\/div>\r\n<div class=\"booking-block-list-small\">\r\n\t<div class=\"babe-block-content\">\r\n\t\t<div class=\"post-image\">\r\n\t\t\t\t\t\t\t<a class=\"post-link\" href=\"https:\/\/superumrah.com\/?to_book=wome-deluxe-king-suit-deniz-manzarali&#038;rest_route=%2Fwp%2Fv2%2Fpages%2F36\">\r\n\t\t\t\t\t<img decoding=\"async\" src=\"https:\/\/superumrah.com\/wp-content\/uploads\/2024\/01\/deluks1920-1-500x360.jpg\" alt=\"Wome Deluxe King Suit Deniz Manzaral\u0131\">\r\n\t\t\t\t<\/a>\r\n\t\t\t   \r\n\t\t<\/div>\r\n\r\n\t\t  <div class=\"booking-content\">\r\n\t\t\t\t<div class=\"content-inner\">\r\n\t\t\t\t\t\t\t\t\t\t<h3 class=\"title\">\r\n\t\t\t\t\t\t<a href=\"https:\/\/superumrah.com\/?to_book=wome-deluxe-king-suit-deniz-manzarali&#038;rest_route=%2Fwp%2Fv2%2Fpages%2F36\">Wome Deluxe King Suit Deniz Manzaral\u0131<\/a>\r\n\t\t\t\t\t<\/h3>\r\n\t\t\t\t\t<div class=\"ba-price\">\r\n\t\t\t\t\t\t\t\t\t\t\t<\/div>\r\n\t\t\t\t<\/div>   \r\n\t\t  <\/div>\r\n\r\n\t <\/div>\r\n<\/div>\r\n<div class=\"booking-block-list-small\">\r\n\t<div class=\"babe-block-content\">\r\n\t\t<div class=\"post-image\">\r\n\t\t\t\t\t\t\t<a class=\"post-link\" href=\"https:\/\/superumrah.com\/?to_book=wome-deluxe-deluks-suit-orman-manzarali&#038;rest_route=%2Fwp%2Fv2%2Fpages%2F36\">\r\n\t\t\t\t\t<img decoding=\"async\" src=\"https:\/\/superumrah.com\/wp-content\/uploads\/2024\/01\/deluks1920-500x360.jpg\" alt=\"Wome Deluxe Del\u00fcks Suit Orman Manzaral\u0131\">\r\n\t\t\t\t<\/a>\r\n\t\t\t   \r\n\t\t<\/div>\r\n\r\n\t\t  <div class=\"booking-content\">\r\n\t\t\t\t<div class=\"content-inner\">\r\n\t\t\t\t\t\t\t\t\t\t<h3 class=\"title\">\r\n\t\t\t\t\t\t<a href=\"https:\/\/superumrah.com\/?to_book=wome-deluxe-deluks-suit-orman-manzarali&#038;rest_route=%2Fwp%2Fv2%2Fpages%2F36\">Wome Deluxe Del\u00fcks Suit Orman Manzaral\u0131<\/a>\r\n\t\t\t\t\t<\/h3>\r\n\t\t\t\t\t<div class=\"ba-price\">\r\n\t\t\t\t\t\t\t\t\t\t\t<\/div>\r\n\t\t\t\t<\/div>   \r\n\t\t  <\/div>\r\n\r\n\t <\/div>\r\n<\/div>         <\/div>\r\n      <\/div>\r\n   <\/div>   \r\n<\/div>\r\n\r\n<\/div>\t\t<\/div>\n\t\t\t\t<\/div>\n\t\t\t\t<div class=\"elementor-element elementor-element-3800315 elementor-widget elementor-widget-ba_banner\" data-id=\"3800315\" data-element_type=\"widget\" data-widget_type=\"ba_banner.default\">\n\t\t\t\t<div class=\"elementor-widget-container\">\n\t\t\t<div class=\"gva-element-ba_banner gva-element\">\r\n<div class=\"lt-banner-one__single text-left\"><div class=\"lt-banner-one__wrap\"><div class=\"lt-banner-one__image\"><img decoding=\"async\" src=\"https:\/\/superumrah.com\/wp-content\/uploads\/2023\/01\/tour-2.jpg\" alt=\"United Kingdom\" \/><\/div><div class=\"lt-banner-one__content\"><div class=\"lt-banner-one__subtitle\">Travel to<\/div><h3 class=\"lt-banner-one__title\">United Kingdom<\/h3><\/div><\/div><\/div>\r\n\r\n<\/div>\t\t<\/div>\n\t\t\t\t<\/div>\n\t\t\t\t\t\t<\/div>\n\t\t\t\t\t<\/div>\n\t\t<\/div>\n\t\t\t\t<div class=\"elementor-column elementor-col-66 elementor-top-column elementor-element elementor-element-91b4808\" data-id=\"91b4808\" data-element_type=\"column\">\n\t\t\t<div class=\"elementor-column-wrap elementor-element-populated\">\n\t\t\t\t\t\t\t<div class=\"elementor-widget-wrap\">\n\t\t\t\t\t\t<div class=\"elementor-element elementor-element-3292069 elementor-widget elementor-widget-gva_ba_search_results\" data-id=\"3292069\" data-element_type=\"widget\" data-widget_type=\"gva_ba_search_results.default\">\n\t\t\t\t<div class=\"elementor-widget-container\">\n\t\t\t<div class=\"gva-element-gva_ba_search_results gva-element\"><h2 class=\"empty-list\">No available tours<\/h2><p>It seems we can\u2019t find what you\u2019re looking for. <\/p><\/div>\t\t<\/div>\n\t\t\t\t<\/div>\n\t\t\t\t\t\t<\/div>\n\t\t\t\t\t<\/div>\n\t\t<\/div>\n\t\t\t\t\t\t\t\t<\/div>\n\t\t\t\t\t<\/div>\n\t\t<\/section>\n\t\t\t\t\t\t\t\t\t<\/div>\n\t\t\t<\/div>\n\t\t\t\t\t<\/div>\n\t\t","protected":false},"excerpt":{"rendered":"<p>Explore The Worlds People Don\u2019t Take, Trips Take People Free Parking Sed quia magni doles eos qui ration volupta tem sequ. Read More Wifi Internet Sed quia magni doles eos [&hellip;]<\/p>\n","protected":false},"author":2,"featured_media":0,"parent":0,"menu_order":0,"comment_status":"closed","ping_status":"closed","template":"","meta":{"footnotes":""},"_links":{"self":[{"href":"https:\/\/superumrah.com\/index.php?rest_route=\/wp\/v2\/pages\/36"}],"collection":[{"href":"https:\/\/superumrah.com\/index.php?rest_route=\/wp\/v2\/pages"}],"about":[{"href":"https:\/\/superumrah.com\/index.php?rest_route=\/wp\/v2\/types\/page"}],"author":[{"embeddable":true,"href":"https:\/\/superumrah.com\/index.php?rest_route=\/wp\/v2\/users\/2"}],"replies":[{"embeddable":true,"href":"https:\/\/superumrah.com\/index.php?rest_route=%2Fwp%2Fv2%2Fcomments&post=36"}],"version-history":[{"count":0,"href":"https:\/\/superumrah.com\/index.php?rest_route=\/wp\/v2\/pages\/36\/revisions"}],"wp:attachment":[{"href":"https:\/\/superumrah.com\/index.php?rest_route=%2Fwp%2Fv2%2Fmedia&parent=36"}],"curies":[{"name":"wp","href":"https:\/\/api.w.org\/{rel}","templated":true}]}}